{"id":603,"date":"2015-05-10T19:01:06","date_gmt":"2015-05-10T19:01:06","guid":{"rendered":"http:\/\/frv-wettringen.de\/wordpress\/?page_id=603"},"modified":"2024-01-06T16:27:08","modified_gmt":"2024-01-06T16:27:08","slug":"bekleidung","status":"publish","type":"page","link":"http:\/\/frv-wettringen.de\/wordpress\/der-verein\/bekleidung\/","title":{"rendered":"Bekleidung"},"content":{"rendered":"<p><a href=\"http:\/\/frv-wettringen.de\/wordpress\/wp-content\/uploads\/2015\/08\/jacke2.jpg\"><img decoding=\"async\" loading=\"lazy\" class=\"wp-image-869 alignright\" src=\"http:\/\/frv-wettringen.de\/wordpress\/wp-content\/uploads\/2015\/08\/jacke2-225x300.jpg\" alt=\"jacke2\" width=\"178\" height=\"233\" \/><\/a>Um unsere Zugeh\u00f6rigkeit zum FRV Wettringen noch besser ausdr\u00fccken zu k\u00f6nnen, lassen wir Bekleidung mit unserem Vereinslogo besticken.<\/p>\n<p>Wir arbeiten bei dabei mit Grote Teamsport zusammen, die die gew\u00fcnschten Artikel verg\u00fcnstigt bei Jako bestellen und nach Kundenwunsch bedrucken. Das Angebot kann dem folgenden Flyer entnommen werden.<br \/>\nBei gew\u00fcnschter Vereinsbekleidung k\u00f6nnen Sie sich direkt an das Team von Grote Teamsport wenden.<\/p>\n<p><a href=\"http:\/\/frv-wettringen.de\/wordpress\/wp-content\/uploads\/2024\/01\/470987_fahr_und_reitverein_wettringen1.pdf\">Flyer Bekleidung FuRV Wettringen<\/a><\/p>\n<hr \/>\n<p>Zudem werden <strong>Socken<\/strong> mit unserem Vereinslogo angeboten. Besteht hier Interesse k\u00f6nnen die Socken bei Daily Socks in Wettringen angefragt werden.<\/p>\n<p><a href=\"http:\/\/frv-wettringen.de\/wordpress\/wp-content\/uploads\/2015\/05\/IMG-20210928-WA0001.jpg\"><img decoding=\"async\" loading=\"lazy\" class=\"alignnone  wp-image-2403\" src=\"http:\/\/frv-wettringen.de\/wordpress\/wp-content\/uploads\/2015\/05\/IMG-20210928-WA0001-225x300.jpg\" alt=\"\" width=\"156\" height=\"205\" \/><\/a> <a href=\"http:\/\/frv-wettringen.de\/wordpress\/wp-content\/uploads\/2015\/05\/Screenshot_20211108-150007.png\"><img decoding=\"async\" loading=\"lazy\" class=\"alignnone  wp-image-2404\" src=\"http:\/\/frv-wettringen.de\/wordpress\/wp-content\/uploads\/2015\/05\/Screenshot_20211108-150007-300x300.png\" alt=\"\" width=\"206\" height=\"206\" srcset=\"http:\/\/frv-wettringen.de\/wordpress\/wp-content\/uploads\/2015\/05\/Screenshot_20211108-150007-300x300.png 300w, http:\/\/frv-wettringen.de\/wordpress\/wp-content\/uploads\/2015\/05\/Screenshot_20211108-150007-150x150.png 150w, http:\/\/frv-wettringen.de\/wordpress\/wp-content\/uploads\/2015\/05\/Screenshot_20211108-150007-768x767.png 768w, http:\/\/frv-wettringen.de\/wordpress\/wp-content\/uploads\/2015\/05\/Screenshot_20211108-150007-1024x1024.png 1024w, http:\/\/frv-wettringen.de\/wordpress\/wp-content\/uploads\/2015\/05\/Screenshot_20211108-150007.png 2048w\" sizes=\"(max-width: 206px) 100vw, 206px\" \/><\/a><\/p>\n<hr \/>\n<p><em>Kleiner Tipp: H\u00e4ufig ist auch bei unseren j\u00fcngeren Vereinsmitgliedern der Wunsch nach einer Jacke vom Verein gro\u00df. Wenn man auf eine Bestickung des Namens verzichtet, kann man die Jacke gut weiterverkaufen, falls das Kind herausgewachsen ist.<\/em><\/p>\n","protected":false},"excerpt":{"rendered":"<p>Um unsere Zugeh\u00f6rigkeit zum FRV Wettringen noch besser ausdr\u00fccken zu k\u00f6nnen, lassen wir Bekleidung mit unserem Vereinslogo besticken. Wir arbeiten bei dabei mit Grote Teamsport zusammen, die die gew\u00fcnschten Artikel verg\u00fcnstigt bei Jako bestellen und nach Kundenwunsch bedrucken. Das Angebot &hellip; <a href=\"http:\/\/frv-wettringen.de\/wordpress\/der-verein\/bekleidung\/\">Weiterlesen <span class=\"meta-nav\">&rarr;<\/span><\/a><\/p>\n","protected":false},"author":1,"featured_media":0,"parent":213,"menu_order":5,"comment_status":"closed","ping_status":"closed","template":"","meta":[],"_links":{"self":[{"href":"http:\/\/frv-wettringen.de\/wordpress\/wp-json\/wp\/v2\/pages\/603"}],"collection":[{"href":"http:\/\/frv-wettringen.de\/wordpress\/wp-json\/wp\/v2\/pages"}],"about":[{"href":"http:\/\/frv-wettringen.de\/wordpress\/wp-json\/wp\/v2\/types\/page"}],"author":[{"embeddable":true,"href":"http:\/\/frv-wettringen.de\/wordpress\/wp-json\/wp\/v2\/users\/1"}],"replies":[{"embeddable":true,"href":"http:\/\/frv-wettringen.de\/wordpress\/wp-json\/wp\/v2\/comments?post=603"}],"version-history":[{"count":28,"href":"http:\/\/frv-wettringen.de\/wordpress\/wp-json\/wp\/v2\/pages\/603\/revisions"}],"predecessor-version":[{"id":2874,"href":"http:\/\/frv-wettringen.de\/wordpress\/wp-json\/wp\/v2\/pages\/603\/revisions\/2874"}],"up":[{"embeddable":true,"href":"http:\/\/frv-wettringen.de\/wordpress\/wp-json\/wp\/v2\/pages\/213"}],"wp:attachment":[{"href":"http:\/\/frv-wettringen.de\/wordpress\/wp-json\/wp\/v2\/media?parent=603"}],"curies":[{"name":"wp","href":"https:\/\/api.w.org\/{rel}","templated":true}]}}